{"id":563,"date":"2016-08-22T00:37:01","date_gmt":"2016-08-22T00:37:01","guid":{"rendered":"https:\/\/oceanwp.org\/simple\/?page_id=21"},"modified":"2026-03-19T20:45:40","modified_gmt":"2026-03-19T20:45:40","slug":"contact","status":"publish","type":"page","link":"https:\/\/vandaliererlabs.de\/?page_id=563","title":{"rendered":"Support"},"content":{"rendered":"\t\t<div data-elementor-type=\"wp-post\" data-elementor-id=\"563\" class=\"elementor elementor-563\">\n\t\t\t\t<div class=\"elementor-element elementor-element-ab19641 e-flex e-con-boxed e-con e-parent\" data-id=\"ab19641\" data-element_type=\"container\" data-e-type=\"container\">\n\t\t\t\t\t<div class=\"e-con-inner\">\n\t\t\t\t<div class=\"elementor-element elementor-element-7ae4877 elementor-widget elementor-widget-text-editor\" data-id=\"7ae4877\" data-element_type=\"widget\" data-e-type=\"widget\" data-widget_type=\"text-editor.default\">\n\t\t\t\t\t\t\t\t\t<p class=\"isSelectedEnd\">Du hast Fragen, brauchst Hilfe oder m\u00f6chtest einfach mit uns sprechen?<br \/>Wir sind gerne f\u00fcr dich da.<\/p><p class=\"isSelectedEnd\">Als moderner, vollst\u00e4ndig digitaler Anbieter betreiben wir <strong>keinen station\u00e4ren Laden<\/strong> \u2013 unser Service findet ausschlie\u00dflich online statt. Das bedeutet f\u00fcr dich: schnelle Wege, direkte Kommunikation und Unterst\u00fctzung genau dann, wenn du sie brauchst.<\/p><h2>So erreichst du uns<\/h2><p class=\"isSelectedEnd\">\ud83d\udce7 <strong>E-Mail:<\/strong> <a href=\"mailto:office@vandaliererlabs.com\">office@vandaliererlabs.com<\/a><br \/>\ud83d\udcde <strong>Telefon:<\/strong> +49 170 7753430<\/p><p class=\"isSelectedEnd\">Egal ob es um Bestellungen, unsere Produkte oder die Nutzung unserer Planungsanwendung geht \u2013 wir k\u00fcmmern uns pers\u00f6nlich um dein Anliegen.<\/p><h2>Unser Anspruch<\/h2><p class=\"isSelectedEnd\">Wir legen gro\u00dfen Wert auf:<\/p><ul data-spread=\"false\"><li><p class=\"isSelectedEnd\">schnelle R\u00fcckmeldungen<\/p><\/li><li><p class=\"isSelectedEnd\">klare und verst\u00e4ndliche Antworten<\/p><\/li><li><p class=\"isSelectedEnd\">unkomplizierte L\u00f6sungen<\/p><\/li><\/ul><p>Schreib uns einfach oder ruf an \u2013 wir helfen dir weiter.<\/p>\t\t\t\t\t\t\t\t<\/div>\n\t\t\t\t\t<\/div>\n\t\t\t\t<\/div>\n\t\t\t\t<\/div>\n\t\t","protected":false},"excerpt":{"rendered":"<p>Du hast Fragen, brauchst Hilfe oder m\u00f6chtest einfach mit uns sprechen?Wir sind gerne f\u00fcr dich da. Als moderner, vollst\u00e4ndig digitaler Anbieter betreiben wir keinen station\u00e4ren Laden \u2013 unser Service findet ausschlie\u00dflich online statt. Das bedeutet f\u00fcr dich: schnelle Wege, direkte Kommunikation und Unterst\u00fctzung genau dann, wenn du sie brauchst. So erreichst du uns \ud83d\udce7 E-Mail: [&hellip;]<\/p>\n","protected":false},"author":2,"featured_media":0,"parent":0,"menu_order":0,"comment_status":"closed","ping_status":"closed","template":"","meta":{"_acf_changed":false,"ocean_post_layout":"full-screen","ocean_both_sidebars_style":"","ocean_both_sidebars_content_width":0,"ocean_both_sidebars_sidebars_width":0,"ocean_sidebar":"0","ocean_second_sidebar":"","ocean_disable_margins":"on","ocean_add_body_class":"","ocean_shortcode_before_top_bar":"","ocean_shortcode_after_top_bar":"","ocean_shortcode_before_header":"","ocean_shortcode_after_header":"","ocean_has_shortcode":"","ocean_shortcode_after_title":"","ocean_shortcode_before_footer_widgets":"","ocean_shortcode_after_footer_widgets":"","ocean_shortcode_before_footer_bottom":"","ocean_shortcode_after_footer_bottom":"","ocean_display_top_bar":"default","ocean_display_header":"default","ocean_header_style":"","ocean_center_header_left_menu":"","ocean_custom_header_template":"","ocean_custom_logo":0,"ocean_custom_retina_logo":0,"ocean_custom_logo_max_width":0,"ocean_custom_logo_tablet_max_width":0,"ocean_custom_logo_mobile_max_width":0,"ocean_custom_logo_max_height":0,"ocean_custom_logo_tablet_max_height":0,"ocean_custom_logo_mobile_max_height":0,"ocean_header_custom_menu":"0","ocean_menu_typo_font_family":"","ocean_menu_typo_font_subset":"","ocean_menu_typo_font_size":0,"ocean_menu_typo_font_size_tablet":0,"ocean_menu_typo_font_size_mobile":0,"ocean_menu_typo_font_size_unit":"px","ocean_menu_typo_font_weight":"","ocean_menu_typo_font_weight_tablet":"","ocean_menu_typo_font_weight_mobile":"","ocean_menu_typo_transform":"","ocean_menu_typo_transform_tablet":"","ocean_menu_typo_transform_mobile":"","ocean_menu_typo_line_height":0,"ocean_menu_typo_line_height_tablet":0,"ocean_menu_typo_line_height_mobile":0,"ocean_menu_typo_line_height_unit":"","ocean_menu_typo_spacing":0,"ocean_menu_typo_spacing_tablet":0,"ocean_menu_typo_spacing_mobile":0,"ocean_menu_typo_spacing_unit":"","ocean_menu_link_color":"","ocean_menu_link_color_hover":"","ocean_menu_link_color_active":"","ocean_menu_link_background":"","ocean_menu_link_hover_background":"","ocean_menu_link_active_background":"","ocean_menu_social_links_bg":"","ocean_menu_social_hover_links_bg":"","ocean_menu_social_links_color":"","ocean_menu_social_hover_links_color":"","ocean_disable_title":"default","ocean_disable_heading":"default","ocean_post_title":"","ocean_post_subheading":"","ocean_post_title_style":"","ocean_post_title_background_color":"","ocean_post_title_background":0,"ocean_post_title_bg_image_position":"","ocean_post_title_bg_image_attachment":"","ocean_post_title_bg_image_repeat":"","ocean_post_title_bg_image_size":"","ocean_post_title_height":400,"ocean_post_title_bg_overlay":0.5,"ocean_post_title_bg_overlay_color":"","ocean_disable_breadcrumbs":"default","ocean_breadcrumbs_color":"","ocean_breadcrumbs_separator_color":"","ocean_breadcrumbs_links_color":"","ocean_breadcrumbs_links_hover_color":"","ocean_display_footer_widgets":"default","ocean_display_footer_bottom":"default","ocean_custom_footer_template":"","omw_enable_modal_window":"enable","footnotes":""},"class_list":["post-563","page","type-page","status-publish","hentry","entry","owp-thumbs-layout-horizontal","owp-btn-big","owp-tabs-layout-vertical","has-no-thumbnails","has-product-nav"],"acf":[],"_links":{"self":[{"href":"https:\/\/vandaliererlabs.de\/index.php?rest_route=\/wp\/v2\/pages\/563","targetHints":{"allow":["GET"]}}],"collection":[{"href":"https:\/\/vandaliererlabs.de\/index.php?rest_route=\/wp\/v2\/pages"}],"about":[{"href":"https:\/\/vandaliererlabs.de\/index.php?rest_route=\/wp\/v2\/types\/page"}],"author":[{"embeddable":true,"href":"https:\/\/vandaliererlabs.de\/index.php?rest_route=\/wp\/v2\/users\/2"}],"replies":[{"embeddable":true,"href":"https:\/\/vandaliererlabs.de\/index.php?rest_route=%2Fwp%2Fv2%2Fcomments&post=563"}],"version-history":[{"count":5,"href":"https:\/\/vandaliererlabs.de\/index.php?rest_route=\/wp\/v2\/pages\/563\/revisions"}],"predecessor-version":[{"id":1321,"href":"https:\/\/vandaliererlabs.de\/index.php?rest_route=\/wp\/v2\/pages\/563\/revisions\/1321"}],"wp:attachment":[{"href":"https:\/\/vandaliererlabs.de\/index.php?rest_route=%2Fwp%2Fv2%2Fmedia&parent=563"}],"curies":[{"name":"wp","href":"https:\/\/api.w.org\/{rel}","templated":true}]}}